{"id":1454,"date":"2012-06-28T13:08:57","date_gmt":"2012-06-28T18:08:57","guid":{"rendered":"http:\/\/noestamostodxs.noblogs.org\/?page_id=1454"},"modified":"2012-06-28T13:08:57","modified_gmt":"2012-06-28T18:08:57","slug":"miguel-demeza-jimenez","status":"publish","type":"page","link":"https:\/\/noestamostodxs.noblogs.org\/?page_id=1454","title":{"rendered":"Miguel Demeza Jim\u00e9nez"},"content":{"rendered":"<p><span style=\"text-decoration: underline\">Nombre<\/span>: Miguel<\/p>\n<p><span style=\"text-decoration: underline\">Apellidos<\/span>: Demeza Jim\u00e9nez<\/p>\n<p><span style=\"text-decoration: underline\">Fecha nacimiento:<\/span> 13 Octubre 1979<\/p>\n<p><span style=\"text-decoration: underline\">Lugar Nacimiento:<\/span> San Sebasti\u00e1n Bachaj\u00f3n<\/p>\n<p><span style=\"text-decoration: underline\">Estado Civil<\/span>: uni\u00f3n libre<\/p>\n<p><span style=\"text-decoration: underline\">Lengua<\/span>: tzeltal<\/p>\n<p><span style=\"text-decoration: underline\">N\u00ba de Dependientes Econ\u00f3micos:<\/span> 4 hijos y su compa\u00f1era.<\/p>\n<p><span style=\"text-decoration: underline\">Domicilio actu\u00e1l de la Familia<\/span>: Comunidad Lamanzac<\/p>\n<p><span style=\"text-decoration: underline\">Organizaci\u00f3n<\/span>: La Otra Campa\u00f1a<\/p>\n<p><span style=\"text-decoration: underline\">Cargo en la comunidad<\/span>: Secretario Comit\u00e9 Educaci\u00f3n hace 5-6 a\u00f1os. No ten\u00eda cargo en el momento de su detenci\u00f3n.<\/p>\n<p><span style=\"text-decoration: underline\">Ocupaci\u00f3n<\/span>: alba\u00f1iler\u00eda y agricultura.<\/p>\n<p><span style=\"text-decoration: underline\">N\u00ba Expediente<\/span>: 022\/2010<\/p>\n<p>&nbsp;<\/p>\n<p><span style=\"text-decoration: underline\"><strong>DETENCI\u00d3N:<\/strong><\/span><\/p>\n<p>Miguel fue detenido el dia 7 de octubre de 2010 en Ocosingo, mientras se encontraba con su primo comprando comida, por dos policias vestidos de civil quienes en ningun momento se identificaron, ni presentron orden de aprehension.<\/p>\n<p align=\"JUSTIFY\">\u201c<em>Llegaron en una camioneta gris dos hombres que en ning\u00fan momento se identificaron. Dec\u00edan de ser policia. Dijeron que identificaron el carro como el del secuestro, un Tsuru blanco con telara\u00f1a atr\u00e1s. El secuestro de un ni\u00f1o que apareci\u00f3 despu\u00e9s\u201d.<\/em><\/p>\n<p align=\"JUSTIFY\">\u00a0Despues de su detencion Miguel fue llevado a la procuraduria de Tuxtla Gutierrez donde fue torturado fisica y psicologicamente durante 4 horas con el fin de que se autoinculpara de un delito de secuestro que no cometio.<\/p>\n<p align=\"JUSTIFY\">\u201c<em>Me vendaron los ojos y todo el cuerpo, y me golpearon por todo el cuerpo con trapos mojados. Me pusieron una bolsa en la cabeza, estuvieron como una hora meti\u00e9ndome la cabeza en la bolsa durante un minuto y despu\u00e9s la sacaban. Me preguntaban qu\u00e9 sab\u00eda , yo contestaba que nada, y me amenazaban con matarme, con aventarme al basurero, me dec\u00eda \u201c\u00a1Pinche indio, te vale verga, eres Zeta!\u201d. Me preguntaron si tengo organizaci\u00f3n y le dije que s\u00ed que La Otra Campa\u00f1a, entonces me pate\u00f3 el costado. Me pregunt\u00f3 qui\u00e9n era el dirigente y le respond\u00ed que no s\u00e9 c\u00f3mo se llama, entonces me quebraron la costilla izquierda, por lo que estuve un mes sin poder respirar bien por el dolor. Me amenazaban con que si no declaraba me iban a meter 50 \u00f3 60 a\u00f1os en la c\u00e1rcel. Yo les dec\u00eda que no sab\u00eda nada de secuestros ni de robar ni de nada de eso, que yo s\u00f3lo soy un agricultor. Me dec\u00edan \u201c\u00a1d\u00ed la verdad que tu primo ya cant\u00f3!\u201d<\/em><\/p>\n<p align=\"JUSTIFY\">\n<p align=\"JUSTIFY\"><span style=\"text-decoration: underline\"><strong>DECLARACI\u00d3N:<\/strong><\/span><\/p>\n<p align=\"JUSTIFY\">El dia 9 de octubre de 2010, Miguel rindio su declaracion ante un Ministerio Publico, no tuvo acceso a un traductor y fue obligado a firmar bajo amenazas de tortura.<\/p>\n<p align=\"JUSTIFY\">\u201c<em>No s\u00e9 qui\u00e9n era quien tom\u00f3 mi declaraci\u00f3n. Me leyeron la declaraci\u00f3n pero no me la tradujeron, y yo no entiendo bien el castilla. Me amenazaban dici\u00e9ndome \u201csi no es cierto lo que declaras te vas al Amate, si s\u00ed a Arraigo. Tu primo ya firm\u00f3 y se declar\u00f3 culpable\u201d.Me obligaban a firmar a trav\u00e9s del miedo y las amenazas de m\u00e1s tortura.\u201d<\/em><\/p>\n<p align=\"JUSTIFY\">Este dia Miguel fue traladado a la entonces casa de arraigo Quinta Pitiquitos, en Chiapa de Corzo, donde permanecio 38 dias.<\/p>\n<p align=\"JUSTIFY\">\u201c<em>Estuve all\u00e1 durante 38 d\u00edas, y s\u00f3lo recib\u00eda visitas de 15 minutos. S\u00f3lo me pod\u00eda visitar la familia. Aunque all\u00e1, si la familia paga previamente, puede estar hasta 30 minutos de visita. Para la visita la familia tenia que pedir permiso en Tuxtla , all\u00e1 es d\u00f3nde si pagabas te concedian hasta 30 minutos. Cada 3 \u00f3 4 d\u00edas me llevaban a Tuxtla al Ministerial a firmar o a \u201cInvestigaci\u00f3n\u201d d\u00f3nde me hac\u00edan preguntas sobre la familia, la organizaci\u00f3n, mis recursos econ\u00f3micos y sobre las personas implicadas en el delito.\u201d<\/em><\/p>\n<p align=\"JUSTIFY\">Miguel esta acusado de secuestro y de robo con violencia delitos que no cometio. Al terminar los 38 dias de arraigo Miguel ingreso el CERSS N\u00b014 El Amate, en Cintalapa de Figueroa.<\/p>\n<p align=\"JUSTIFY\">\n<p align=\"JUSTIFY\"><span style=\"text-decoration: underline\"><strong>PROCESO:<\/strong><\/span><\/p>\n<p align=\"JUSTIFY\">Aproximadamente 50 dias despues de su detencion le fue dictado auto de formal prision. Por el delito de robo con violencia le fue dictada un sentencia de 2 a\u00f1os y 3 meses de prision y una fianza de 50 000 pesos, una fianza que aunque pagara no le permitiera salir libre pues tambien tiene un delito de secuestro. Por el delito de secuestro Miguel se encuentra todavia en proceso, a casi dos a\u00f1os de su detencion. Cabe mencionar que Miguel carece de las garantias judiciales a las cuales tiene derecho segun la constitucion, pues su abogado defensor no le esta asegurando una defensa adecuada.<\/p>\n<p align=\"JUSTIFY\">\u201c<em>No apel\u00e9 la sentencia, porque mi abogado, defensor de oficio, nunca apel\u00f3. Mi defensor de oficio era Edictor Hern\u00e1ndez Silvano, que pasaba cada mi\u00e9rcoles, aunque a veces no llegaba en dos semanas. Hablaba con cada uno s\u00f3lo 5 \u00f3 10 minutos, porque llevaba 15 expedientes aproximadamente. Ahora me asignaron uno nuevo que se llama Felipe Moreno Jim\u00e9nez, que a\u00fan no lo vi.\u201d<\/em><\/p>\n<p align=\"JUSTIFY\">\n<p align=\"JUSTIFY\"><span style=\"text-decoration: underline\"><strong>SECUELAS DE LAS TORTURAS:<\/strong><\/span><\/p>\n<p align=\"JUSTIFY\">Miguel Demeza aun sigue sufriedo secuelas fisicas y psicologicas de la tortura que le fue inflingida durante su detencion. Tiene cotidianamente dolores de cabeza. Despues de la tortura, tard\u00f3 m\u00e1s de un mes en poder respirar bien y sin dolor, por tener las costillas rotas debido a los golpes.Tiene marcas y manchas en la mejilla izquierda de los fuertes golpes que recibio en varias ocasiones por parte de unos funcionarios durante su estancia en la casa de arraigo Quinta Pitiquitos. De igual manera, padecio trastornos del sue\u00f1o durante 3 meses tras su detencion, recordando la tortura y so\u00f1ando que lo querrian matar.<\/p>\n<p align=\"JUSTIFY\">\n<p align=\"JUSTIFY\"><span style=\"text-decoration: underline\"><strong>CONDICIONES DENTRO DEL PENAL:<\/strong><\/span><\/p>\n<p align=\"JUSTIFY\">Miguel relata varias irregulardades que ocurren de anera cotidiana adentro del CERSS 14 El Amate.<\/p>\n<p align=\"JUSTIFY\"><span style=\"text-decoration: underline\">Atenci\u00f3n M\u00e9dica:<\/span> Miguel comenta que en el penal no hay medicos ni enfermeros, unicamente una persona que prescribe recetas o da permiso para que la familia les traiga el medicamento que considere que el recluso debe tomar, siempre sin un diagn\u00f3stico m\u00e9dico previo, excepto en los casos graves que pasan por el Hospital. Cuando tienen que transportarlos hasta el hospital, el recluso debe pagar el transporte. Miguel no se ha enfermado de nada importante dentro del penal, s\u00f3lo las secuelas f\u00edsicas de las torturas.<\/p>\n<p align=\"JUSTIFY\"><span style=\"text-decoration: underline\">Alimentaci\u00f3n:<\/span> La comida es de mala calidad y los presos reciben muy poca cantidad, no pueden tener una alimentacion adecuada.Hay muchos alimentos que no les permiten pasar, nada crudo, ni pozol, ni verduras. Se queja porque el pozol es b\u00e1sico en la alimentaci\u00f3n ind\u00edgena.<\/p>\n<p align=\"JUSTIFY\">Hacinamiento: En el Amate, como en muchos otros penales, se vive una situacion de hacinamiento terrible, las celdas son muy peque\u00f1as, el penal esta sobrepoblado, hay presos que no cuentan ni con una cama para dormir.<\/p>\n<p align=\"JUSTIFY\"><span style=\"text-decoration: underline\">Visitas<\/span>: Las visitas tienen que soportar registros muy estrictos pasar entrar a ver a sus familiares, cada vez se tienen que enfrentar a nuevas prohibiciones. A Miguel su familia lo visita cada mes y medio, porque no tienen recursos para m\u00e1s, ya que el pasaje de una persona desde su comunidad le sale por 400 pesos ida y vuelta.<\/p>\n<p align=\"JUSTIFY\">\n<p align=\"JUSTIFY\">\n<p align=\"JUSTIFY\">\n<p align=\"JUSTIFY\">\n<p align=\"JUSTIFY\">\n","protected":false},"excerpt":{"rendered":"<p>Nombre: Miguel Apellidos: Demeza Jim\u00e9nez Fecha nacimiento: 13 Octubre 1979 Lugar Nacimiento: San Sebasti\u00e1n Bachaj\u00f3n Estado Civil: uni\u00f3n libre Lengua: tzeltal N\u00ba de Dependientes Econ\u00f3micos: 4 hijos y su compa\u00f1era. Domicilio actu\u00e1l de la Familia: Comunidad Lamanzac Organizaci\u00f3n: La Otra &hellip; <a href=\"https:\/\/noestamostodxs.noblogs.org\/?page_id=1454\">Sigue leyendo <span class=\"meta-nav\">&rarr;<\/span><\/a><\/p>\n","protected":false},"author":2317,"featured_media":0,"parent":14,"menu_order":0,"comment_status":"closed","ping_status":"closed","template":"","meta":{"footnotes":""},"class_list":["post-1454","page","type-page","status-publish","hentry"],"_links":{"self":[{"href":"https:\/\/noestamostodxs.noblogs.org\/index.php?rest_route=\/wp\/v2\/pages\/1454","targetHints":{"allow":["GET"]}}],"collection":[{"href":"https:\/\/noestamostodxs.noblogs.org\/index.php?rest_route=\/wp\/v2\/pages"}],"about":[{"href":"https:\/\/noestamostodxs.noblogs.org\/index.php?rest_route=\/wp\/v2\/types\/page"}],"author":[{"embeddable":true,"href":"https:\/\/noestamostodxs.noblogs.org\/index.php?rest_route=\/wp\/v2\/users\/2317"}],"replies":[{"embeddable":true,"href":"https:\/\/noestamostodxs.noblogs.org\/index.php?rest_route=%2Fwp%2Fv2%2Fcomments&post=1454"}],"version-history":[{"count":1,"href":"https:\/\/noestamostodxs.noblogs.org\/index.php?rest_route=\/wp\/v2\/pages\/1454\/revisions"}],"predecessor-version":[{"id":1455,"href":"https:\/\/noestamostodxs.noblogs.org\/index.php?rest_route=\/wp\/v2\/pages\/1454\/revisions\/1455"}],"up":[{"embeddable":true,"href":"https:\/\/noestamostodxs.noblogs.org\/index.php?rest_route=\/wp\/v2\/pages\/14"}],"wp:attachment":[{"href":"https:\/\/noestamostodxs.noblogs.org\/index.php?rest_route=%2Fwp%2Fv2%2Fmedia&parent=1454"}],"curies":[{"name":"wp","href":"https:\/\/api.w.org\/{rel}","templated":true}]}}