{"id":14,"date":"2010-12-03T22:13:03","date_gmt":"2010-12-04T04:13:03","guid":{"rendered":"http:\/\/noestamostodxs.noblogs.org\/"},"modified":"2014-01-19T09:07:51","modified_gmt":"2014-01-19T15:07:51","slug":"presoschiapas","status":"publish","type":"page","link":"https:\/\/noestamostodxs.noblogs.org\/?page_id=14","title":{"rendered":"L@s Pres@s de Chiapas"},"content":{"rendered":"<p style=\"text-align: center\"><a href=\"https:\/\/noestamostodxs.noblogs.org\/?page_id=8\" target=\"_blank\"><strong>\u00a1MIRA Y ENCARGA LAS ARTESAN\u00cdAS DE LXS PRESXS POLITICXS DE CHIAPAS!<\/strong><\/a><\/p>\n<p style=\"text-align: center\">-*-<\/p>\n<p style=\"text-align: center\">L\u00e9e la ficha personal de<span style=\"color: #008000\"><a href=\"https:\/\/noestamostodxs.noblogs.org\/?page_id=1094\" target=\"_blank\"><span style=\"color: #008000\"><strong> Alejandro D\u00edaz Santiz<\/strong><\/span><\/a><\/span>, compa\u00f1ero de Los Solidarios de la Voz del Amate,\u00a0 sentenciado a 29 a\u00f1os de c\u00e1rcel<\/p>\n<p style=\"text-align: center\">_*_<\/p>\n<p><strong>LA VOZ DEL AMATE<\/strong><\/p>\n<p><a href=\"https:\/\/noestamostodxs.noblogs.org\/?page_id=814\" target=\"_blank\"><strong>ALBERTO PATISHT\u00c1N\u00a0 G\u00d3MEZ<\/strong><\/a><span style=\"color: #ff0000\"><strong> <strong>&#8211; EN LIBERTAD DESDE EL 31 DE OCTUBRE DE 2013!!!<\/strong><\/strong><\/span><\/p>\n<p>Adherente a La Sexta Declaraci\u00f3n de la Selva Lacandona del EZLN . El profesor Patisht\u00e1n, de origen tzotzil fue condenado a 60 a\u00f1os de prisi\u00f3n de los cuales ha cumplido ya m\u00e1s de 12 a\u00f1os sin libertad. Alberto es maestro e imparti\u00f3 clases en el municipio El Bosque de donde es originario. Interesado en los derechos humanos y en la impartici\u00f3n de justicia en su pueblo, en el a\u00f1o 2000 es detenido y acusado sin prueba alguna de cometer delitos federales como el de portar armas de uso exclusivo del ej\u00e9rcito y el de llevar a cabo homicidio calificado de seis polic\u00edas en una emboscada. El 5 de enero de 2006 se dio a conocer p\u00fablicamente la formaci\u00f3n de La Voz del Amate, un proceso organizativo de presos que, mediante una larga huelga de hambre en el 2008, logr\u00f3 la liberaci\u00f3n de todos sus integrantes menos Alberto Patisht\u00e1n que ten\u00eda cargos federales en su contra. Desde el 20 de octubre de 2011hasta julio de 2012 fue encerrado en el penal de m\u00e1xima seguridad\u00a0 de Guasave, Sinaloa, en represalia por encabezar un nueva huelga de hambre en oto\u00f1o de 2011. Hoy sigue encarcelado nuevamente en el CERSS 5 de San Crist\u00f3bal.<\/p>\n<p><a href=\"https:\/\/noestamostodxs.noblogs.org\/?page_id=814\" target=\"_blank\">Seguir leyendo &gt;&gt;&gt;<\/a><\/p>\n<p><a href=\"https:\/\/noestamostodxs.noblogs.org\/?page_id=1066\" target=\"_blank\"><strong>ROSARIO D\u00cdAZ MENDEZ<\/strong><\/a><strong><span style=\"color: #ff0000\"> &#8211; EN LIBERTAD DESDE EL 4 DE JULIO DE 2013!!!<\/span><\/strong><\/p>\n<p><strong><span style=\"font-weight: normal\">Es actualmente el otro integrante de la organizaci\u00f3n civil La Voz del Amate, se ha solidarizado con algunas de las acciones para pedir justicia (como ayunos y oraciones) por la fabricaci\u00f3nde sus delitos por parte. Rosario fue encarcelado en el a\u00f1o 2005 en el gobierno y de la polic\u00eda municipio de Huitiup\u00e1n, acusado de secuestro. En su detenci\u00f3n fue golpeado y torturado poni\u00e9ndole una bolsa en la cabeza para asfixiarlo y obligarle a firmar su declaraci\u00f3n como culpable. Al mismo tiempo, la familia no tuvo acceso a la informaci\u00f3n del lugar donde se encontraba detenido el compa\u00f1ero Rosario. La tortura y el miedo son los mecanismos que usa la polic\u00eda para conseguir que los detenidos injustamente se autodeclaren culpables. Se encuentra preso en el CERSS n\u00b05.<\/span><\/strong><\/p>\n<p><a href=\"https:\/\/noestamostodxs.noblogs.org\/?page_id=1066\" target=\"_blank\">Seguir leyendo &gt;&gt;&gt;<\/a><\/p>\n<p style=\"text-align: left\"><strong>L@S\u00a0 SOLIDARI@S\u00a0 DE\u00a0 LA\u00a0 VOZ\u00a0 DEL\u00a0 AMATE<\/strong><\/p>\n<p>As\u00ed se definen: \u00ab<em>L@s Solidari@s de la voz del Amate somos un grupo de ind\u00edgenas que hablamos diferentes lenguas maternas, el Tseltal y el Tsotsil, y que provenimos mayormente de la zona de Los Altos de Chiapas y nos dedicabamos al trabajo del campo, pero el mal sistema del gobierno nos encarcel\u00f3 injustamente y dentro de la c\u00e1rcel nos organizamos en defender nuestros derechos, porque ya no soportabamos las injusticias que se viven dentro del penal; y que nos tienen cautivos sin cometer delitos; nos siguen lesionando nuestros derechos y nos condenan a muchos a\u00f1os. Como Solidari@s de la voz del Amate nuestro objetivo es decir la verdad, defender y reclamar el derecho al bienestar de todos. En los siguientes mencionamos los delitos que nos imputaron y la sentencias:<\/em><\/p>\n<ul>\n<li><strong>Alejandro D\u00edaz Santiz<\/strong>, sentenciado a 29 a\u00f1os por Homicidio y violaci\u00f3n <a href=\"https:\/\/noestamostodxs.noblogs.org\/?page_id=1094\" target=\"_blank\">[ver ficha personal]<\/a><\/li>\n<\/ul>\n<p style=\"text-align: center\"><span style=\"color: #ff0000\"><strong>LOS SIGUENTES COMPA\u00d1EROS FUERON LIBERADOS EL 4 DE JULIO DE 2013:<\/strong><\/span><\/p>\n<ul>\n<li><strong>Pedro L\u00f3pez Jim\u00e9nez<\/strong>, sentenciado a 37 a\u00f1os por Secuestro y violaci\u00f3n <a href=\"https:\/\/noestamostodxs.noblogs.org\/?page_id=1071\" target=\"_blank\">[ver ficha personal]<\/a><\/li>\n<li><strong>Alfredo L\u00f3pez Jim\u00e9nez<\/strong>, sentenciado a 27 a\u00f1os\u00a0por Secuestro <a href=\"https:\/\/noestamostodxs.noblogs.org\/?page_id=1081\">[ver ficha personal]<\/a><\/li>\n<li><strong>Rosa L\u00f3pez D\u00edaz<\/strong>, sentenciada a 27 a\u00f1os por Secuestro <a href=\"https:\/\/noestamostodxs.noblogs.org\/?page_id=1086\" target=\"_blank\">[ver ficha personal]<\/a><\/li>\n<li><strong>Juan Collazo Jim\u00e9nez<\/strong>, sentenciado a 37 a\u00f1os por Secuestro y violaci\u00f3n <a href=\"https:\/\/noestamostodxs.noblogs.org\/?page_id=1077\" target=\"_blank\">[ver ficha personal]<\/a><strong><\/strong><\/li>\n<li><strong>Enrique G\u00f3mez Hern\u00e1ndez<\/strong>, sentenciado a 25 a\u00f1os por Homicidio<a href=\"https:\/\/noestamostodxs.noblogs.org\/?page_id=1098\" target=\"_blank\">[ver ficha personal]<\/a><strong><\/strong><\/li>\n<li><strong>Juan L\u00f3pez Gonzalez<\/strong>, senteciado a 25 a\u00f1os <a href=\"https:\/\/noestamostodxs.noblogs.org\/?page_id=1733\" target=\"_blank\">[ver ficha personal]<\/a><\/li>\n<li><strong>Benjamin L\u00f3pez Aguilar<\/strong>, sentenciado a 15 a\u00f1os <a href=\"https:\/\/noestamostodxs.noblogs.org\/?page_id=1730\" target=\"_blank\">[ver ficha personal]<\/a><\/li>\n<li><strong>Juan D\u00edaz L\u00f3pez<\/strong>, en espera de sentencia [<a href=\"https:\/\/noestamostodxs.noblogs.org\/?page_id=1102\" target=\"_blank\">ver ficha personal<\/a>]<\/li>\n<\/ul>\n<p><strong>LOS PRESOS DE LA SEXTA DE SAN SEBASTIAN BACHAJON<\/strong><\/p>\n<ul>\n<li><strong>Antonio Estrada Estrada\u00a0<span style=\"color: #ff0000\"><strong>EN LIBERTAD DESDE EL 24 DE DICIEMBRE DE 2013<\/strong><\/span><\/strong> fue detenido de manera violenta el dia 7 agosto de 2011 en el Crucero Xanil (8 km antes de llegar a Crucero Agua Azul) por elementos de la policia que iban encapuchados y fue llevado hasta la ciudad de Palenque.<a title=\"Antonio Estrada Estrada\" href=\"https:\/\/noestamostodxs.noblogs.org\/?page_id=1340\" target=\"_blank\">[ver ficha personal]<\/a><\/li>\n<\/ul>\n<ul>\n<li><strong>Miguel Vazquez Deara <span style=\"color: #ff0000\">EN LIBERTAD DESDE EL 26 DE JUNIO DE 2013<\/span> &#8211;<\/strong> fue detenido el d\u00eda 25 de septiembre de 2011, alrededor de las 12:00pm, en los transportes El Volc\u00e1n, Palenque. Ese d\u00eda llegaron unos polic\u00edas, le taparon la cara y se lo llevaron sin ning\u00fan motivo. Miguel fue se\u00f1alado en el momento de su detenci\u00f3n por ejidatarios oficialistas de SSB quienes iban junto con los polic\u00edas, Juan \u00c1lvaro Moreno, Manuel Jim\u00e9nez Moreno, Jes\u00fas Ru\u00edz Hern\u00e1ndez y Miguel Ru\u00edz Hern\u00e1ndez.<a title=\"Miguel Vazquez Deara\" href=\"https:\/\/noestamostodxs.noblogs.org\/?page_id=1334\" target=\"_blank\">[ver ficha personal]<\/a><\/li>\n<\/ul>\n<ul>\n<li><strong>\u00a0Miguel Demeza Jim\u00e9nez<\/strong>\u00a0<span style=\"color: #ff0000\"><strong>EN LIBERTAD DESDE EL 19 DE DICIEMBRE 2013<\/strong> <\/span>fue detenido el dia 7 de octubre de 2010 en Ocosingo, mientras se encontraba con su primo comprando comida, por dos policias vestidos de civil quienes en ningun momento se identificaron, ni presentron orden de aprehension. <a href=\"https:\/\/noestamostodxs.noblogs.org\/?page_id=1454\" target=\"_blank\">[ver ficha personal]\u00a0<\/a><\/li>\n<\/ul>\n<p style=\"text-align: center\">-*-<\/p>\n<p>DESCARGA EL DOSSIER CON LAS FICHAS DE TOD@S NUESTR@S PRES@S DE CHIAPAS:<br \/>\n<a href=\"https:\/\/noestamostodxs.noblogs.org\/?attachment_id=1109\" rel=\"attachment wp-att-1109\">Dossier Presos actualizado Febrero 2013, archivo PDF 350kb<\/a><\/p>\n","protected":false},"excerpt":{"rendered":"<p>\u00a1MIRA Y ENCARGA LAS ARTESAN\u00cdAS DE LXS PRESXS POLITICXS DE CHIAPAS! -*- L\u00e9e la ficha personal de Alejandro D\u00edaz Santiz, compa\u00f1ero de Los Solidarios de la Voz del Amate,\u00a0 sentenciado a 29 a\u00f1os de c\u00e1rcel _*_ LA VOZ DEL AMATE &hellip; <a href=\"https:\/\/noestamostodxs.noblogs.org\/?page_id=14\">Sigue leyendo <span class=\"meta-nav\">&rarr;<\/span><\/a><\/p>\n","protected":false},"author":2317,"featured_media":0,"parent":0,"menu_order":0,"comment_status":"closed","ping_status":"closed","template":"pages.php","meta":{"footnotes":""},"class_list":["post-14","page","type-page","status-publish","hentry"],"_links":{"self":[{"href":"https:\/\/noestamostodxs.noblogs.org\/index.php?rest_route=\/wp\/v2\/pages\/14","targetHints":{"allow":["GET"]}}],"collection":[{"href":"https:\/\/noestamostodxs.noblogs.org\/index.php?rest_route=\/wp\/v2\/pages"}],"about":[{"href":"https:\/\/noestamostodxs.noblogs.org\/index.php?rest_route=\/wp\/v2\/types\/page"}],"author":[{"embeddable":true,"href":"https:\/\/noestamostodxs.noblogs.org\/index.php?rest_route=\/wp\/v2\/users\/2317"}],"replies":[{"embeddable":true,"href":"https:\/\/noestamostodxs.noblogs.org\/index.php?rest_route=%2Fwp%2Fv2%2Fcomments&post=14"}],"version-history":[{"count":88,"href":"https:\/\/noestamostodxs.noblogs.org\/index.php?rest_route=\/wp\/v2\/pages\/14\/revisions"}],"predecessor-version":[{"id":1926,"href":"https:\/\/noestamostodxs.noblogs.org\/index.php?rest_route=\/wp\/v2\/pages\/14\/revisions\/1926"}],"wp:attachment":[{"href":"https:\/\/noestamostodxs.noblogs.org\/index.php?rest_route=%2Fwp%2Fv2%2Fmedia&parent=14"}],"curies":[{"name":"wp","href":"https:\/\/api.w.org\/{rel}","templated":true}]}}