{"id":1066,"date":"2011-12-16T13:23:05","date_gmt":"2011-12-16T19:23:05","guid":{"rendered":"http:\/\/noestamostodxs.noblogs.org\/?page_id=1066"},"modified":"2012-01-11T10:42:08","modified_gmt":"2012-01-11T16:42:08","slug":"rosario-diaz-mendez","status":"publish","type":"page","link":"https:\/\/noestamostodxs.noblogs.org\/?page_id=1066","title":{"rendered":"Rosario D\u00edaz M\u00e9ndez"},"content":{"rendered":"<p><strong>DATOS PERSONALES<\/strong> <\/p>\n<p>Nombre y apellidos: Rosario D\u00edaz M\u00e9ndez<\/p>\n<p>Fecha de nacimiento: 15 de mayo de 1965<\/p>\n<p>Lugar de nacimiento: Colonia El Azufre, Municipio Huitiupan<\/p>\n<p>Estado civil: Casado<\/p>\n<p>Lengua: Tzotzil<\/p>\n<p>Numero de dependientes econ\u00f3micos: su esposa<\/p>\n<p>Domicilio actual de la familia: Barrio La Pista, cabecera municipal de Huitiupan<\/p>\n<p>Organizaci\u00f3n: Voz del Amate<\/p>\n<p>Cargo en la comunidad: ninguno<\/p>\n<p>Ocupaci\u00f3n: Agricultor<\/p>\n<p>N\u00ba de expedientes: 323\/2005 y 047\/2006<\/p>\n<p><strong>DETENCI\u00d3N<\/strong><\/p>\n<p>Rosario D\u00edaz M\u00e9ndez fue detenido el d\u00eda 23 de agosto de 2005 en Huitiupan por la polic\u00eda municipal. Los polic\u00edas no se identificaron y no mostraron ninguna orden de aprehensi\u00f3n. Tampoco se le comunic\u00f3 el motivo por el cual lo detuvieron. Lo llevaron a la oficina de la Fiscal\u00eda en el municipio de Huitiup\u00e1n, y de ah\u00ed a la Procuradur\u00eda en Tuxtla Guti\u00e9rrez.  <\/p>\n<p>Rosario sufri\u00f3 tortura, recibi\u00f3 varios golpes en los o\u00eddos, le pusieron una bolsa de pl\u00e1stico en la cabeza y le echaron tehuacan (agua mineral) con chile en la cara para asfixiarlo, le ataron las manos y los pies. <\/p>\n<p>Despu\u00e9s de eso, lo trasladaron a la entonces casa de arraigo Quinta Pitiquitos, en Chiapas de Corzo donde permaneci\u00f3 incomunicado hasta el 25 de agosto mientras su familia se esforzaba para conocer su paradero. Un mes despu\u00e9s, lo mandaron al CERSS n\u00ba14 El Amate, Cintalapa.  . <\/p>\n<p><strong>DECLARACI\u00d3N<\/strong><\/p>\n<p>La declaraci\u00f3n se firm\u00f3 en la Procuradur\u00eda de Justicia en Tuxtla. Los polic\u00edas judiciales le tomaron la declaraci\u00f3n. Durante la declaraci\u00f3n Rosario no tuvo acceso a un abogado defensor ni a un traductor que comprenda la lengua y las tradiciones tzotziles. No le leyeron su declaraci\u00f3n y fue obligado a firmarla.<\/p>\n<p>Lo acusan de delito de secuestro y homicidio.<\/p>\n<p><strong>PROCESO<\/strong><\/p>\n<p>Fue sentenciado a 45 a\u00f1os de prisi\u00f3n. Apel\u00f3 y fue confirmada la sentencia. El defensor de oficio que lleva su caso no lo mantiene informado del proceso judicial.<\/p>\n<p><strong>CONDICIONES EN PRISI\u00d3N<\/strong><\/p>\n<p>Rosario fue trasladado del CERSS No. 14 El Amate al CERSS No.5 de San Crist\u00f3bal de las Casas, donde se encuentra recluido actualmente.<\/p>\n<p>Padece las  siguientes enfermedades: Tos cr\u00f3nica y epilepsia, ambas se manifestaron estando en prisi\u00f3n y no est\u00e1 recibiendo la atenci\u00f3n m\u00e9dica adecuada.<\/p>\n<p>Comenta que recibe alimentaci\u00f3n de mala calidad adentro del CERSS No.5.<\/p>\n<p>Rosario recibe visitas de sus familiares cuando pueden porque se les dificulta el costo de los pasajes. Tiene pocos ingresos econ\u00f3micos, una parte proviene de las artesan\u00edas que produce adentro del penal junto con los compa\u00f1eros presos de la Voz del Amate y los Solidarios de la Voz del Amate. <\/p>\n<p><strong>IMPACTO DE LA DETENCI\u00d3N SOBRE LA FAMILIA Y\/O COMUNIDAD<\/strong><\/p>\n<p>Su familia se ha sumado a las acciones que se han hecho en defensa de los presos.  Rosario es integrante de la organizaci\u00f3n La Voz del Amate. Desde esta organizaci\u00f3n ha practicado huelgas de hambre y denuncias p\u00fablicas  como forma de denuncia y de presi\u00f3n. Rosario particip\u00f3 en la huelga de hambre en el CERSS 5, la cual dur\u00f3 39 d\u00edas, poniendo en riesgo grave su vida.<\/p>\n","protected":false},"excerpt":{"rendered":"<p>DATOS PERSONALES Nombre y apellidos: Rosario D\u00edaz M\u00e9ndez Fecha de nacimiento: 15 de mayo de 1965 Lugar de nacimiento: Colonia El Azufre, Municipio Huitiupan Estado civil: Casado Lengua: Tzotzil Numero de dependientes econ\u00f3micos: su esposa Domicilio actual de la familia: &hellip; <a href=\"https:\/\/noestamostodxs.noblogs.org\/?page_id=1066\">Sigue leyendo <span class=\"meta-nav\">&rarr;<\/span><\/a><\/p>\n","protected":false},"author":2317,"featured_media":0,"parent":14,"menu_order":2,"comment_status":"closed","ping_status":"closed","template":"","meta":{"footnotes":""},"class_list":["post-1066","page","type-page","status-publish","hentry"],"_links":{"self":[{"href":"https:\/\/noestamostodxs.noblogs.org\/index.php?rest_route=\/wp\/v2\/pages\/1066","targetHints":{"allow":["GET"]}}],"collection":[{"href":"https:\/\/noestamostodxs.noblogs.org\/index.php?rest_route=\/wp\/v2\/pages"}],"about":[{"href":"https:\/\/noestamostodxs.noblogs.org\/index.php?rest_route=\/wp\/v2\/types\/page"}],"author":[{"embeddable":true,"href":"https:\/\/noestamostodxs.noblogs.org\/index.php?rest_route=\/wp\/v2\/users\/2317"}],"replies":[{"embeddable":true,"href":"https:\/\/noestamostodxs.noblogs.org\/index.php?rest_route=%2Fwp%2Fv2%2Fcomments&post=1066"}],"version-history":[{"count":5,"href":"https:\/\/noestamostodxs.noblogs.org\/index.php?rest_route=\/wp\/v2\/pages\/1066\/revisions"}],"predecessor-version":[{"id":1212,"href":"https:\/\/noestamostodxs.noblogs.org\/index.php?rest_route=\/wp\/v2\/pages\/1066\/revisions\/1212"}],"up":[{"embeddable":true,"href":"https:\/\/noestamostodxs.noblogs.org\/index.php?rest_route=\/wp\/v2\/pages\/14"}],"wp:attachment":[{"href":"https:\/\/noestamostodxs.noblogs.org\/index.php?rest_route=%2Fwp%2Fv2%2Fmedia&parent=1066"}],"curies":[{"name":"wp","href":"https:\/\/api.w.org\/{rel}","templated":true}]}}